{"id":1865,"date":"2023-01-25T15:04:28","date_gmt":"2023-01-25T14:04:28","guid":{"rendered":"https:\/\/www.istarskiprsut.com\/politica-sulla-riservatezza\/"},"modified":"2023-01-27T16:41:59","modified_gmt":"2023-01-27T15:41:59","slug":"politica-sulla-riservatezza","status":"publish","type":"page","link":"https:\/\/www.istarskiprsut.com\/it\/politica-sulla-riservatezza\/","title":{"rendered":"Politica sulla riservatezza"},"content":{"rendered":"\t\t<div data-elementor-type=\"wp-post\" data-elementor-id=\"1865\" class=\"elementor elementor-1865 elementor-1756\">\n\t\t\t\t\t\t<section class=\"elementor-section elementor-top-section elementor-element elementor-element-0aa0c5c elementor-section-boxed elementor-section-height-default elementor-section-height-default\" data-id=\"0aa0c5c\" data-element_type=\"section\" data-settings=\"{&quot;background_background&quot;:&quot;classic&quot;}\">\n\t\t\t\t\t\t\t<div class=\"elementor-background-overlay\"><\/div>\n\t\t\t\t\t\t\t<div class=\"elementor-container elementor-column-gap-default\">\n\t\t\t\t\t<div class=\"elementor-column elementor-col-100 elementor-top-column elementor-element elementor-element-a568b62\" data-id=\"a568b62\" data-element_type=\"column\">\n\t\t\t<div class=\"elementor-widget-wrap elementor-element-populated\">\n\t\t\t\t\t\t<div class=\"elementor-element elementor-element-f509617 elementor-widget elementor-widget-heading\" data-id=\"f509617\" data-element_type=\"widget\" data-widget_type=\"heading.default\">\n\t\t\t\t<div class=\"elementor-widget-container\">\n\t\t\t\t\t<h1 class=\"elementor-heading-title elementor-size-default\">Politica sulla riservatezza<\/h1>\t\t\t\t<\/div>\n\t\t\t\t<\/div>\n\t\t\t\t<div class=\"elementor-element elementor-element-faaa373 elementor-widget elementor-widget-image\" data-id=\"faaa373\" data-element_type=\"widget\" data-widget_type=\"image.default\">\n\t\t\t\t<div class=\"elementor-widget-container\">\n\t\t\t\t\t\t\t\t\t\t\t\t\t\t\t<img decoding=\"async\" width=\"250\" height=\"27\" src=\"https:\/\/www.istarskiprsut.com\/wp-content\/uploads\/2018\/09\/frill-free-img.png\" class=\"attachment-large size-large wp-image-1174\" alt=\"\" \/>\t\t\t\t\t\t\t\t\t\t\t\t\t\t\t<\/div>\n\t\t\t\t<\/div>\n\t\t\t\t<div class=\"elementor-element elementor-element-c6542ce elementor-widget elementor-widget-text-editor\" data-id=\"c6542ce\" data-element_type=\"widget\" data-widget_type=\"text-editor.default\">\n\t\t\t\t<div class=\"elementor-widget-container\">\n\t\t\t\t\t\t\t\t\t<p>La Prosciutteria e Stanzia Bursic &#8211; Istria<\/p>\n\t\t\t\t\t\t\t\t<\/div>\n\t\t\t\t<\/div>\n\t\t\t\t\t<\/div>\n\t\t<\/div>\n\t\t\t\t\t<\/div>\n\t\t<\/section>\n\t\t\t\t<section class=\"elementor-section elementor-top-section elementor-element elementor-element-529f7c3 elementor-section-boxed elementor-section-height-default elementor-section-height-default\" data-id=\"529f7c3\" data-element_type=\"section\">\n\t\t\t\t\t\t<div class=\"elementor-container elementor-column-gap-default\">\n\t\t\t\t\t<div class=\"elementor-column elementor-col-100 elementor-top-column elementor-element elementor-element-a99c20b\" data-id=\"a99c20b\" data-element_type=\"column\">\n\t\t\t<div class=\"elementor-widget-wrap elementor-element-populated\">\n\t\t\t\t\t\t<div class=\"elementor-element elementor-element-06b7893 elementor-widget elementor-widget-text-editor\" data-id=\"06b7893\" data-element_type=\"widget\" data-widget_type=\"text-editor.default\">\n\t\t\t\t<div class=\"elementor-widget-container\">\n\t\t\t\t\t\t\t\t\t<p>Ova polica privatnosti odnosi se isklju\u010divo na web stranicu istarskiprsut.com u vlasni\u0161tvu Pr\u0161utarne i stancije Bur\u0161i\u0107 sa sjedi\u0161tem u Fa\u017eanska cesta 25, 52215 Vodnjan.<\/p>\n<p>Ova web stranica mo\u017ee sadr\u017eavati i informacije tre\u0107ih osoba te poveznice na web stranice tre\u0107ih strana. Vlasnik web stranice ne daje nikakva jamstva u pogledu to\u010dnosti ili bilo kojih drugih karakteristika takvih informacija i poveznica, te ne preuzima nikakvu odgovornost za sadr\u017eaje stranica na koje poveznica usmjerava korisnika. Web stranice tre\u0107ih strana imaju svoje neovisne uvjete za\u0161tite osobnih podataka te je obveza korisnika upoznati se s njima prilikom posjete tim web stranicama.  <\/p>\n<p>Polica privatnosti temelji se na odredbama Op\u0107e uredbe o za\u0161titi osobnih podataka EU 2016\/679 (General Data Protection Regulation &#8211; GDPR) i Zakona o provedbi Op\u0107e uredbe o za\u0161titi podataka (NN 42\/2018) te korisnicima ovih web stranica pru\u017eaju informacije o na\u010dinu prikupljanja, kori\u0161tenja, za\u0161tite, ispravaka i brisanja njihovih osobnih informacija.<\/p>\n<h2>Che cosa sono i dati personali<\/h2>\n<p>Pojam \u2018osobni podatak\u2019 podrazumijeva svaki podatak temeljem kojeg se korisnik izravno ili neizravno mo\u017ee identificirati: ime i prezime, datum ro\u0111enja, e-mail adresa, po\u0161tanska adresa, telefonski broj, IP adresa i sl. podaci. <\/p>\n<h2>Raccolta di dati personali<\/h2>\n<p>Pr\u0161utarna i stancija Bur\u0161i\u0107 prikuplja osobne podatke korisnika samo kad su oni nu\u017eni za ispunjenje obveza. Pr\u0161utarna i stancija Bur\u0161i\u0107 obvezuje se \u0161titi osobne podatke korisnika sukladno Zakonu o provedbi Op\u0107e uredbe o za\u0161titi podataka te se obvezuje da osobne podatke ne\u0107e ni na koji na\u010din ustupiti tre\u0107im osobama bez pristanka korisnika, osim ako za to postoji opravdani razlog. <\/p>\n<p>Osobni podaci korisnika prikupljaju se na nekoliko na\u010dina:<\/p>\n<p>&#8211; Prikupljanje podataka izravnim telefonskim ili e-mail kontaktom &#8211; Podatke prikupljamo kad nam se korisnici obrate za informacije o proizvodima u ponudi Pr\u0161utarne i stancije Bur\u0161i\u0107. Osobne podatke prikupljene na ovaj na\u010din koristimo isklju\u010divo u svrhu obrade tra\u017eenih informacija i rje\u0161avanje upita korisnika, kako bi korisnicima omogu\u0107ili kori\u0161tenje na\u0161e web trgovine i kupnju proizvoda iz na\u0161e ponude. Korisnici web stranice istarskiprsut.com slanjem svojih osobnih informacija iskazuju suglasnost za obradu tih osobnih podataka sukladno Zakonu o provedbi Op\u0107e uredbe o za\u0161titi podataka.  <\/p>\n<p>&#8211; Prikupljanje podataka tijekom kupnje u web trgovini &#8211; Podatke prikupljamo u svrhu dostave proizvoda naru\u010denog(ih) putem web trgovine Pr\u0161utarne i stancije Bur\u0161i\u0107. Prikupljamo ime i prezime kupca, adresu za dostavu, adresu za ra\u010dun, broj telefona i email adresu. Legitiman pristup podacima kupca koji se odnose na ime i prezime te adresu dostave imaju i djelatnici koji dostavljaju naru\u010dene proizvode.  <\/p>\n<p>Ako korisnik daje podatke u ime druge osobe, on(a) se mora pobrinuti da je ta osoba upoznata s ovom Policom privatnosti prije no \u0161to se osobni podaci te osobe dostave. Ako je korisnik mla\u0111i od 16 godina, on(a) ne smije davati nikakve osobne podatke bez odobrenja roditelja ili skrbnika. <\/p>\n<h2>Trattamento dei dati personali<\/h2>\n<p>Obrada podataka je bilo koja radnja izvr\u0161ena na prikupljenim osobnim podacima, poput primjerice upotrebe i prijenosa osobnih podataka. Informacije o zbirki osobnih podataka za web stranicu Pr\u0161utarne i stancije Bur\u0161i\u0107 mo\u017eete dobiti na broj telefona 098 997 2999 ili mail adresi stancijabursic@gmail.com. <\/p>\n<p>Obrada prikupljenih osobnih podataka vr\u0161i se sukladno propisima EU i Zakonu o provedbi Op\u0107e uredbe o za\u0161titi podataka &#8211; kad ste pristali na obradu osobnih podataka (privola), kad je to potrebno za sklapanje ili izvr\u0161avanje ugovora tj. ispunjavanje zakonskih obveza, kad zatra\u017eite radnje u svrhu za\u0161tite va\u0161ih osobnih podataka, te kada je obrada potrebna u pravne svrhe. <\/p>\n<p>Obrada osobnih podataka koja se temelji na legitimnom interesu ili predstavlja ugovornu obvezu obavlja se odr\u017eavanjem najvi\u0161i standarda sigurnosti i poslovanja. Korisnik mo\u017ee u svakom trenutku dati prigovor na obradu svojih osobnih podataka, te ima i pravo zatra\u017eiti nadopunu, ispravak ili izmjenu neto\u010dnih osobnih podataka. Od ovog se izuzimaju slu\u010dajevi u kojima je Pr\u0161utarna i stancija Bur\u0161i\u0107 po valjanom nalogu ovla\u0161tenih dr\u017eavnih tijela, a sukladno zakonu, du\u017ean dostaviti ili dopustiti uvid u osobne podatke korisnika.  <\/p>\n<h2>Condivisione dei dati personali<\/h2>\n<p>Pr\u0161utarna i stancija Bur\u0161i\u0107 dijeli prikupljene osobne podatke isklju\u010divo u legitimne svrhe, u svrhu dostave naru\u010denih proizvoda.<\/p>\n<p>Pr\u0161utarna i stancija Bur\u0161i\u0107 ne dijeli osobne podatke korisnika s niti jednom drugom tre\u0107om stranom, osim u slu\u010daju legitimnih zahtjeva od strane ovla\u0161tenih dr\u017eavnih tijela.<\/p>\n<h2>Protezione dei dati personali<\/h2>\n<p>WordPress platforma na kojoj se temelji ova web stranica je siguran sustav koji se stalno razvija u formi novijih i sigurnijih verzija. Nove verzije sustava pru\u017eaju ve\u0107u za\u0161titu i sigurnost web stranica, uklju\u010duju\u0107i podatke korisnika te se stoga web stranica Pr\u0161utarne i stancije Bur\u0161i\u0107 redovno nadogra\u0111uje sa svakom novoobjavljenom verzijom. <\/p>\n<p>Korisni\u010dki ra\u010duni \/ profili korisnika za\u0161ti\u0107eni su lozinkom koju odabire sam korisnik.<\/p>\n<p>U slu\u010daju zaboravljene lozinke i nemogu\u0107nosti ulaska u web trgovinu i stranicu za ure\u0111ivanje osobnih podataka, korisnik u svakom trenutku mo\u017ee zatra\u017eiti kreiranje nove lozinke. Korisnik je jedina osoba odgovorna za \u010duvanje sigurnosti lozinke koju ne bi trebao dijeliti s drugim osobama. <\/p>\n<p>Osobni podaci korisnika zaprimljeni tijekom kupnje u web trgovini \u010duvaju se na siguran i za\u0161ti\u0107en na\u010din, a koriste se isklju\u010divo u svrhu izdavanja ra\u010duna i dostave narud\u017ebe na zatra\u017eenu adresu. Osobe anga\u017eirane na dostavi narud\u017ebi upoznate su s pravilima za\u0161tite osobnih podataka Kupca. <\/p>\n<h2>Diritti dell&#8217;utente<\/h2>\n<p>Korisnici web trgovine na adresi istarskiprsut.com mogu u svakom trenutku na stranici svog korisni\u010dkog ra\u010duna samostalno izmijeniti svoje osobne podatke.<\/p>\n<p>Korisnici mogu i zatra\u017eiti dostavu svojih osobnih podataka prikupljenih u web trgovini Pr\u0161utarne i stancije Bur\u0161i\u0107.<\/p>\n<p>Korisnici tako\u0111er mogu zatra\u017eiti potpuno brisanje svojih osobnih podataka, \u0161to ne uklju\u010duje bilo koje podatke koje je Pr\u0161utarna i stancija Bur\u0161i\u0107 obvezna \u010duvati u administrativne, pravne ili sigurnosne svrhe.<\/p>\n<h2>Procedura in caso di accesso non autorizzato ai dati personali<\/h2>\n<p>Pr\u0161utarna i stancija Bur\u0161i\u0107 vodi ra\u010duna o i odgovorna je za a\u017eurnost web stranica na domeni istarskiprsut.com kako bi se osigurala sigurnost prikupljenih osobnih podataka i sprije\u010dio sigurnosni upad i zlouporaba osobnih podataka korisnika.<\/p>\n<p>U slu\u010daju sigurnosnog upada koji bi dopustio neovla\u0161teni pristup osobnim podacima korisnika, Pr\u0161utarna i stancija Bur\u0161i\u0107 \u0107e sukladno odredbama Op\u0107e uredbe o za\u0161titi osobnih podataka (General Data Protection Regulation &#8211; GDPR) u zakonskom roku od 72 sata o tome obavijestiti sve korisnike i Agenciju za za\u0161titu osobnih podataka (AZOP) koja je nadle\u017ena za nadzor primjene ove Uredbe obavijestiti o neovla\u0161tenom upadu.<\/p>\n<h2>Modifiche all&#8217;informativa sulla privacy<\/h2>\n<p>Ova polica privatnosti odnosi se isklju\u010divo na podatke prikupljene na web stranici istarskiprsut.com.<\/p>\n<p>Pr\u0161utarna i stancija Bur\u0161i\u0107 zadr\u017eava pravo izmjene police privatnosti bez prethodne najave te nije odgovorna za bilo kakve mogu\u0107e posljedice proiza\u0161le iz takvih izmjena.<\/p>\n<p>Korisnici su du\u017eni prilikom svakog kori\u0161tenja web stranice provjeriti va\u017ee\u0107a pravila kako bi saznali za bilo kakve promjene u pravilima o za\u0161titi privatnosti. Daljnje kori\u0161tenje web stranice istarskiprsut.com od strane korisnika nakon bilo kakve promjene u polici privatnosti zna\u010dit \u0107e da korisnik prihva\u0107a izmjene.<\/p>\n<h2>Ulteriori informazioni<\/h2>\n<p>Za sva dodatna pitanja o za\u0161titi osobnih podataka na web stranici istarskiprsut.com korisnici se mogu javiti na e-mail adresu stancijabursic@gmail.com.<\/p>\n\t\t\t\t\t\t\t\t<\/div>\n\t\t\t\t<\/div>\n\t\t\t\t\t<\/div>\n\t\t<\/div>\n\t\t\t\t\t<\/div>\n\t\t<\/section>\n\t\t\t\t<\/div>\n\t\t","protected":false},"excerpt":{"rendered":"<p>Politica sulla riservatezza La Prosciutteria e Stanzia Bursic &#8211; Istria Ova polica privatnosti odnosi se isklju\u010divo na web stranicu istarskiprsut.com u vlasni\u0161tvu Pr\u0161utarne i stancije Bur\u0161i\u0107 sa sjedi\u0161tem u Fa\u017eanska cesta 25, 52215 Vodnjan. Ova web stranica mo\u017ee sadr\u017eavati i informacije tre\u0107ih osoba te poveznice na web stranice tre\u0107ih strana. Vlasnik web stranice ne daje [&hellip;]<\/p>\n","protected":false},"author":1,"featured_media":0,"parent":0,"menu_order":0,"comment_status":"closed","ping_status":"closed","template":"","meta":{"site-sidebar-layout":"no-sidebar","site-content-layout":"page-builder","ast-site-content-layout":"default","site-content-style":"default","site-sidebar-style":"default","ast-global-header-display":"","ast-banner-title-visibility":"","ast-main-header-display":"","ast-hfb-above-header-display":"","ast-hfb-below-header-display":"","ast-hfb-mobile-header-display":"","site-post-title":"disabled","ast-breadcrumbs-content":"","ast-featured-img":"disabled","footer-sml-layout":"","theme-transparent-header-meta":"","adv-header-id-meta":"","stick-header-meta":"","header-above-stick-meta":"","header-main-stick-meta":"","header-below-stick-meta":"","astra-migrate-meta-layouts":"default","ast-page-background-enabled":"default","ast-page-background-meta":{"desktop":{"background-color":"","background-image":"","background-repeat":"repeat","background-position":"center center","background-size":"auto","background-attachment":"scroll","background-type":"","background-media":"","overlay-type":"","overlay-color":"","overlay-opacity":"","overlay-gradient":""},"tablet":{"background-color":"","background-image":"","background-repeat":"repeat","background-position":"center center","background-size":"auto","background-attachment":"scroll","background-type":"","background-media":"","overlay-type":"","overlay-color":"","overlay-opacity":"","overlay-gradient":""},"mobile":{"background-color":"","background-image":"","background-repeat":"repeat","background-position":"center center","background-size":"auto","background-attachment":"scroll","background-type":"","background-media":"","overlay-type":"","overlay-color":"","overlay-opacity":"","overlay-gradient":""}},"ast-content-background-meta":{"desktop":{"background-color":"var(--ast-global-color-5)","background-image":"","background-repeat":"repeat","background-position":"center center","background-size":"auto","background-attachment":"scroll","background-type":"","background-media":"","overlay-type":"","overlay-color":"","overlay-opacity":"","overlay-gradient":""},"tablet":{"background-color":"var(--ast-global-color-5)","background-image":"","background-repeat":"repeat","background-position":"center center","background-size":"auto","background-attachment":"scroll","background-type":"","background-media":"","overlay-type":"","overlay-color":"","overlay-opacity":"","overlay-gradient":""},"mobile":{"background-color":"var(--ast-global-color-5)","background-image":"","background-repeat":"repeat","background-position":"center center","background-size":"auto","background-attachment":"scroll","background-type":"","background-media":"","overlay-type":"","overlay-color":"","overlay-opacity":"","overlay-gradient":""}},"footnotes":""},"class_list":["post-1865","page","type-page","status-publish","hentry"],"yoast_head":"<!-- This site is optimized with the Yoast SEO plugin v25.3.1 - https:\/\/yoast.com\/wordpress\/plugins\/seo\/ -->\n<title>Politica sulla riservatezza - La Prosciutteria e Stanzia Bursic<\/title>\n<meta name=\"description\" content=\"Informazioni sul tipo, modalit\u00e0 e scopo della raccolta dei dati personali degli utenti - quali sono i diritti degli utenti e come vengono utilizzati i dati raccolti.\" \/>\n<meta name=\"robots\" content=\"index, follow, max-snippet:-1, max-image-preview:large, max-video-preview:-1\" \/>\n<link rel=\"canonical\" href=\"https:\/\/www.istarskiprsut.com\/it\/politica-sulla-riservatezza\/\" \/>\n<meta property=\"og:locale\" content=\"it_IT\" \/>\n<meta property=\"og:type\" content=\"article\" \/>\n<meta property=\"og:title\" content=\"Politica sulla riservatezza - La Prosciutteria e Stanzia Bursic\" \/>\n<meta property=\"og:description\" content=\"Informazioni sul tipo, modalit\u00e0 e scopo della raccolta dei dati personali degli utenti - quali sono i diritti degli utenti e come vengono utilizzati i dati raccolti.\" \/>\n<meta property=\"og:url\" content=\"https:\/\/www.istarskiprsut.com\/it\/politica-sulla-riservatezza\/\" \/>\n<meta property=\"og:site_name\" content=\"La Prosciutteria e Stanzia Bursic\" \/>\n<meta property=\"article:publisher\" content=\"https:\/\/www.facebook.com\/pages\/category\/Restaurant\/Stancija-Buri-Prutarna-Kod-Milana-100750633615571\/\" \/>\n<meta property=\"article:modified_time\" content=\"2023-01-27T15:41:59+00:00\" \/>\n<meta property=\"og:image\" content=\"https:\/\/www.istarskiprsut.com\/wp-content\/uploads\/2018\/09\/frill-free-img.png\" \/>\n<meta name=\"twitter:card\" content=\"summary_large_image\" \/>\n<meta name=\"twitter:label1\" content=\"Tempo di lettura stimato\" \/>\n\t<meta name=\"twitter:data1\" content=\"6 minuti\" \/>\n<script type=\"application\/ld+json\" class=\"yoast-schema-graph\">{\"@context\":\"https:\/\/schema.org\",\"@graph\":[{\"@type\":\"WebPage\",\"@id\":\"https:\/\/www.istarskiprsut.com\/it\/politica-sulla-riservatezza\/\",\"url\":\"https:\/\/www.istarskiprsut.com\/it\/politica-sulla-riservatezza\/\",\"name\":\"Politica sulla riservatezza - La Prosciutteria e Stanzia Bursic\",\"isPartOf\":{\"@id\":\"https:\/\/www.istarskiprsut.com\/it\/#website\"},\"primaryImageOfPage\":{\"@id\":\"https:\/\/www.istarskiprsut.com\/it\/politica-sulla-riservatezza\/#primaryimage\"},\"image\":{\"@id\":\"https:\/\/www.istarskiprsut.com\/it\/politica-sulla-riservatezza\/#primaryimage\"},\"thumbnailUrl\":\"https:\/\/www.istarskiprsut.com\/wp-content\/uploads\/2018\/09\/frill-free-img.png\",\"datePublished\":\"2023-01-25T14:04:28+00:00\",\"dateModified\":\"2023-01-27T15:41:59+00:00\",\"description\":\"Informazioni sul tipo, modalit\u00e0 e scopo della raccolta dei dati personali degli utenti - quali sono i diritti degli utenti e come vengono utilizzati i dati raccolti.\",\"breadcrumb\":{\"@id\":\"https:\/\/www.istarskiprsut.com\/it\/politica-sulla-riservatezza\/#breadcrumb\"},\"inLanguage\":\"it-IT\",\"potentialAction\":[{\"@type\":\"ReadAction\",\"target\":[\"https:\/\/www.istarskiprsut.com\/it\/politica-sulla-riservatezza\/\"]}]},{\"@type\":\"ImageObject\",\"inLanguage\":\"it-IT\",\"@id\":\"https:\/\/www.istarskiprsut.com\/it\/politica-sulla-riservatezza\/#primaryimage\",\"url\":\"https:\/\/www.istarskiprsut.com\/wp-content\/uploads\/2018\/09\/frill-free-img.png\",\"contentUrl\":\"https:\/\/www.istarskiprsut.com\/wp-content\/uploads\/2018\/09\/frill-free-img.png\"},{\"@type\":\"BreadcrumbList\",\"@id\":\"https:\/\/www.istarskiprsut.com\/it\/politica-sulla-riservatezza\/#breadcrumb\",\"itemListElement\":[{\"@type\":\"ListItem\",\"position\":1,\"name\":\"Po\u010detna stranica\",\"item\":\"https:\/\/www.istarskiprsut.com\/it\/home\/\"},{\"@type\":\"ListItem\",\"position\":2,\"name\":\"Politica sulla riservatezza\"}]},{\"@type\":\"WebSite\",\"@id\":\"https:\/\/www.istarskiprsut.com\/it\/#website\",\"url\":\"https:\/\/www.istarskiprsut.com\/it\/\",\"name\":\"La Prosciutteria e Stanzia Bursic\",\"description\":\"Istarski pr\u0161ut, maslinovo ulje i delikatese\",\"publisher\":{\"@id\":\"https:\/\/www.istarskiprsut.com\/it\/#organization\"},\"potentialAction\":[{\"@type\":\"SearchAction\",\"target\":{\"@type\":\"EntryPoint\",\"urlTemplate\":\"https:\/\/www.istarskiprsut.com\/it\/?s={search_term_string}\"},\"query-input\":{\"@type\":\"PropertyValueSpecification\",\"valueRequired\":true,\"valueName\":\"search_term_string\"}}],\"inLanguage\":\"it-IT\"},{\"@type\":\"Organization\",\"@id\":\"https:\/\/www.istarskiprsut.com\/it\/#organization\",\"name\":\"La Prosciutteria e Stanzia Bursic\",\"url\":\"https:\/\/www.istarskiprsut.com\/it\/\",\"logo\":{\"@type\":\"ImageObject\",\"inLanguage\":\"it-IT\",\"@id\":\"https:\/\/www.istarskiprsut.com\/it\/#\/schema\/logo\/image\/\",\"url\":\"https:\/\/www.istarskiprsut.com\/wp-content\/uploads\/2023\/01\/web_favicon_bursic.png\",\"contentUrl\":\"https:\/\/www.istarskiprsut.com\/wp-content\/uploads\/2023\/01\/web_favicon_bursic.png\",\"width\":150,\"height\":145,\"caption\":\"La Prosciutteria e Stanzia Bursic\"},\"image\":{\"@id\":\"https:\/\/www.istarskiprsut.com\/it\/#\/schema\/logo\/image\/\"},\"sameAs\":[\"https:\/\/www.facebook.com\/pages\/category\/Restaurant\/Stancija-Buri-Prutarna-Kod-Milana-100750633615571\/\",\"https:\/\/www.instagram.com\/explore\/locations\/1028862312\/stancija-bursic-prsutarna-kod-milana\"]}]}<\/script>\n<!-- \/ Yoast SEO plugin. -->","yoast_head_json":{"title":"Politica sulla riservatezza - La Prosciutteria e Stanzia Bursic","description":"Informazioni sul tipo, modalit\u00e0 e scopo della raccolta dei dati personali degli utenti - quali sono i diritti degli utenti e come vengono utilizzati i dati raccolti.","robots":{"index":"index","follow":"follow","max-snippet":"max-snippet:-1","max-image-preview":"max-image-preview:large","max-video-preview":"max-video-preview:-1"},"canonical":"https:\/\/www.istarskiprsut.com\/it\/politica-sulla-riservatezza\/","og_locale":"it_IT","og_type":"article","og_title":"Politica sulla riservatezza - La Prosciutteria e Stanzia Bursic","og_description":"Informazioni sul tipo, modalit\u00e0 e scopo della raccolta dei dati personali degli utenti - quali sono i diritti degli utenti e come vengono utilizzati i dati raccolti.","og_url":"https:\/\/www.istarskiprsut.com\/it\/politica-sulla-riservatezza\/","og_site_name":"La Prosciutteria e Stanzia Bursic","article_publisher":"https:\/\/www.facebook.com\/pages\/category\/Restaurant\/Stancija-Buri-Prutarna-Kod-Milana-100750633615571\/","article_modified_time":"2023-01-27T15:41:59+00:00","og_image":[{"url":"https:\/\/www.istarskiprsut.com\/wp-content\/uploads\/2018\/09\/frill-free-img.png","type":"","width":"","height":""}],"twitter_card":"summary_large_image","twitter_misc":{"Tempo di lettura stimato":"6 minuti"},"schema":{"@context":"https:\/\/schema.org","@graph":[{"@type":"WebPage","@id":"https:\/\/www.istarskiprsut.com\/it\/politica-sulla-riservatezza\/","url":"https:\/\/www.istarskiprsut.com\/it\/politica-sulla-riservatezza\/","name":"Politica sulla riservatezza - La Prosciutteria e Stanzia Bursic","isPartOf":{"@id":"https:\/\/www.istarskiprsut.com\/it\/#website"},"primaryImageOfPage":{"@id":"https:\/\/www.istarskiprsut.com\/it\/politica-sulla-riservatezza\/#primaryimage"},"image":{"@id":"https:\/\/www.istarskiprsut.com\/it\/politica-sulla-riservatezza\/#primaryimage"},"thumbnailUrl":"https:\/\/www.istarskiprsut.com\/wp-content\/uploads\/2018\/09\/frill-free-img.png","datePublished":"2023-01-25T14:04:28+00:00","dateModified":"2023-01-27T15:41:59+00:00","description":"Informazioni sul tipo, modalit\u00e0 e scopo della raccolta dei dati personali degli utenti - quali sono i diritti degli utenti e come vengono utilizzati i dati raccolti.","breadcrumb":{"@id":"https:\/\/www.istarskiprsut.com\/it\/politica-sulla-riservatezza\/#breadcrumb"},"inLanguage":"it-IT","potentialAction":[{"@type":"ReadAction","target":["https:\/\/www.istarskiprsut.com\/it\/politica-sulla-riservatezza\/"]}]},{"@type":"ImageObject","inLanguage":"it-IT","@id":"https:\/\/www.istarskiprsut.com\/it\/politica-sulla-riservatezza\/#primaryimage","url":"https:\/\/www.istarskiprsut.com\/wp-content\/uploads\/2018\/09\/frill-free-img.png","contentUrl":"https:\/\/www.istarskiprsut.com\/wp-content\/uploads\/2018\/09\/frill-free-img.png"},{"@type":"BreadcrumbList","@id":"https:\/\/www.istarskiprsut.com\/it\/politica-sulla-riservatezza\/#breadcrumb","itemListElement":[{"@type":"ListItem","position":1,"name":"Po\u010detna stranica","item":"https:\/\/www.istarskiprsut.com\/it\/home\/"},{"@type":"ListItem","position":2,"name":"Politica sulla riservatezza"}]},{"@type":"WebSite","@id":"https:\/\/www.istarskiprsut.com\/it\/#website","url":"https:\/\/www.istarskiprsut.com\/it\/","name":"La Prosciutteria e Stanzia Bursic","description":"Istarski pr\u0161ut, maslinovo ulje i delikatese","publisher":{"@id":"https:\/\/www.istarskiprsut.com\/it\/#organization"},"potentialAction":[{"@type":"SearchAction","target":{"@type":"EntryPoint","urlTemplate":"https:\/\/www.istarskiprsut.com\/it\/?s={search_term_string}"},"query-input":{"@type":"PropertyValueSpecification","valueRequired":true,"valueName":"search_term_string"}}],"inLanguage":"it-IT"},{"@type":"Organization","@id":"https:\/\/www.istarskiprsut.com\/it\/#organization","name":"La Prosciutteria e Stanzia Bursic","url":"https:\/\/www.istarskiprsut.com\/it\/","logo":{"@type":"ImageObject","inLanguage":"it-IT","@id":"https:\/\/www.istarskiprsut.com\/it\/#\/schema\/logo\/image\/","url":"https:\/\/www.istarskiprsut.com\/wp-content\/uploads\/2023\/01\/web_favicon_bursic.png","contentUrl":"https:\/\/www.istarskiprsut.com\/wp-content\/uploads\/2023\/01\/web_favicon_bursic.png","width":150,"height":145,"caption":"La Prosciutteria e Stanzia Bursic"},"image":{"@id":"https:\/\/www.istarskiprsut.com\/it\/#\/schema\/logo\/image\/"},"sameAs":["https:\/\/www.facebook.com\/pages\/category\/Restaurant\/Stancija-Buri-Prutarna-Kod-Milana-100750633615571\/","https:\/\/www.instagram.com\/explore\/locations\/1028862312\/stancija-bursic-prsutarna-kod-milana"]}]}},"_links":{"self":[{"href":"https:\/\/www.istarskiprsut.com\/it\/wp-json\/wp\/v2\/pages\/1865","targetHints":{"allow":["GET"]}}],"collection":[{"href":"https:\/\/www.istarskiprsut.com\/it\/wp-json\/wp\/v2\/pages"}],"about":[{"href":"https:\/\/www.istarskiprsut.com\/it\/wp-json\/wp\/v2\/types\/page"}],"author":[{"embeddable":true,"href":"https:\/\/www.istarskiprsut.com\/it\/wp-json\/wp\/v2\/users\/1"}],"replies":[{"embeddable":true,"href":"https:\/\/www.istarskiprsut.com\/it\/wp-json\/wp\/v2\/comments?post=1865"}],"version-history":[{"count":1,"href":"https:\/\/www.istarskiprsut.com\/it\/wp-json\/wp\/v2\/pages\/1865\/revisions"}],"predecessor-version":[{"id":1866,"href":"https:\/\/www.istarskiprsut.com\/it\/wp-json\/wp\/v2\/pages\/1865\/revisions\/1866"}],"wp:attachment":[{"href":"https:\/\/www.istarskiprsut.com\/it\/wp-json\/wp\/v2\/media?parent=1865"}],"curies":[{"name":"wp","href":"https:\/\/api.w.org\/{rel}","templated":true}]}}