{"id":2127,"date":"2023-02-07T16:43:11","date_gmt":"2023-02-07T15:43:11","guid":{"rendered":"https:\/\/www.istarskiprsut.com\/proizvod\/pancetta-istriana-affettata\/"},"modified":"2025-06-19T17:12:54","modified_gmt":"2025-06-19T15:12:54","slug":"pancetta-istriana-affettata","status":"publish","type":"product","link":"https:\/\/www.istarskiprsut.com\/it\/proizvod\/pancetta-istriana-affettata\/","title":{"rendered":"Pancetta istriana (affettata)"},"content":{"rendered":"","protected":false},"excerpt":{"rendered":"<p>Pancetta istriana affettata di Pr\u0161utarna Bur\u0161i\u0107, in confezione sottovuoto da 200 g. Inviare gli ordini all&#8217;indirizzo e-mail <a href=\"mailto:stancijabursic@gmail.com\">stancijabursic@gmail.com<\/a> <\/p>\n","protected":false},"featured_media":2059,"template":"","meta":{"site-sidebar-layout":"default","site-content-layout":"default","ast-site-content-layout":"default","site-content-style":"default","site-sidebar-style":"default","ast-global-header-display":"","ast-banner-title-visibility":"","ast-main-header-display":"","ast-hfb-above-header-display":"","ast-hfb-below-header-display":"","ast-hfb-mobile-header-display":"","site-post-title":"","ast-breadcrumbs-content":"","ast-featured-img":"","footer-sml-layout":"","theme-transparent-header-meta":"default","adv-header-id-meta":"","stick-header-meta":"","header-above-stick-meta":"","header-main-stick-meta":"","header-below-stick-meta":"","astra-migrate-meta-layouts":"default","ast-page-background-enabled":"default","ast-page-background-meta":{"desktop":{"background-color":"","background-image":"","background-repeat":"repeat","background-position":"center center","background-size":"auto","background-attachment":"scroll","background-type":"","background-media":"","overlay-type":"","overlay-color":"","overlay-opacity":"","overlay-gradient":""},"tablet":{"background-color":"","background-image":"","background-repeat":"repeat","background-position":"center center","background-size":"auto","background-attachment":"scroll","background-type":"","background-media":"","overlay-type":"","overlay-color":"","overlay-opacity":"","overlay-gradient":""},"mobile":{"background-color":"","background-image":"","background-repeat":"repeat","background-position":"center center","background-size":"auto","background-attachment":"scroll","background-type":"","background-media":"","overlay-type":"","overlay-color":"","overlay-opacity":"","overlay-gradient":""}},"ast-content-background-meta":{"desktop":{"background-color":"var(--ast-global-color-5)","background-image":"","background-repeat":"repeat","background-position":"center center","background-size":"auto","background-attachment":"scroll","background-type":"","background-media":"","overlay-type":"","overlay-color":"","overlay-opacity":"","overlay-gradient":""},"tablet":{"background-color":"var(--ast-global-color-5)","background-image":"","background-repeat":"repeat","background-position":"center center","background-size":"auto","background-attachment":"scroll","background-type":"","background-media":"","overlay-type":"","overlay-color":"","overlay-opacity":"","overlay-gradient":""},"mobile":{"background-color":"var(--ast-global-color-5)","background-image":"","background-repeat":"repeat","background-position":"center center","background-size":"auto","background-attachment":"scroll","background-type":"","background-media":"","overlay-type":"","overlay-color":"","overlay-opacity":"","overlay-gradient":""}}},"product_brand":[],"product_cat":[43],"product_tag":[],"class_list":{"0":"post-2127","1":"product","2":"type-product","3":"status-publish","4":"has-post-thumbnail","6":"product_cat-salumeria","7":"desktop-align-center","8":"tablet-align-left","9":"mobile-align-left","11":"first","12":"instock","13":"shipping-taxable","14":"purchasable","15":"product-type-simple"},"yoast_head":"<!-- This site is optimized with the Yoast SEO plugin v25.3.1 - https:\/\/yoast.com\/wordpress\/plugins\/seo\/ -->\n<title>Pancetta istriana (affettata) - La Prosciutteria e Stanzia Bursic<\/title>\n<meta name=\"description\" content=\"Prodotti di Prosciutteria e stanzia Bursic di Dignano, in Istria, Croazia.\" \/>\n<meta name=\"robots\" content=\"index, follow, max-snippet:-1, max-image-preview:large, max-video-preview:-1\" \/>\n<link rel=\"canonical\" href=\"https:\/\/www.istarskiprsut.com\/it\/proizvod\/pancetta-istriana-affettata\/\" \/>\n<meta property=\"og:locale\" content=\"it_IT\" \/>\n<meta property=\"og:type\" content=\"article\" \/>\n<meta property=\"og:title\" content=\"Pancetta istriana (affettata) - La Prosciutteria e Stanzia Bursic\" \/>\n<meta property=\"og:description\" content=\"Prodotti di Prosciutteria e stanzia Bursic di Dignano, in Istria, Croazia.\" \/>\n<meta property=\"og:url\" content=\"https:\/\/www.istarskiprsut.com\/it\/proizvod\/pancetta-istriana-affettata\/\" \/>\n<meta property=\"og:site_name\" content=\"La Prosciutteria e Stanzia Bursic\" \/>\n<meta property=\"article:publisher\" content=\"https:\/\/www.facebook.com\/pages\/category\/Restaurant\/Stancija-Buri-Prutarna-Kod-Milana-100750633615571\/\" \/>\n<meta property=\"article:modified_time\" content=\"2025-06-19T15:12:54+00:00\" \/>\n<meta property=\"og:image\" content=\"https:\/\/www.istarskiprsut.com\/wp-content\/uploads\/2023\/02\/panceta-vakum.jpg\" \/>\n\t<meta property=\"og:image:width\" content=\"750\" \/>\n\t<meta property=\"og:image:height\" content=\"500\" \/>\n\t<meta property=\"og:image:type\" content=\"image\/jpeg\" \/>\n<meta name=\"twitter:card\" content=\"summary_large_image\" \/>\n<script type=\"application\/ld+json\" class=\"yoast-schema-graph\">{\"@context\":\"https:\/\/schema.org\",\"@graph\":[{\"@type\":\"WebPage\",\"@id\":\"https:\/\/www.istarskiprsut.com\/it\/proizvod\/pancetta-istriana-affettata\/\",\"url\":\"https:\/\/www.istarskiprsut.com\/it\/proizvod\/pancetta-istriana-affettata\/\",\"name\":\"Pancetta istriana (affettata) - La Prosciutteria e Stanzia Bursic\",\"isPartOf\":{\"@id\":\"https:\/\/www.istarskiprsut.com\/it\/#website\"},\"primaryImageOfPage\":{\"@id\":\"https:\/\/www.istarskiprsut.com\/it\/proizvod\/pancetta-istriana-affettata\/#primaryimage\"},\"image\":{\"@id\":\"https:\/\/www.istarskiprsut.com\/it\/proizvod\/pancetta-istriana-affettata\/#primaryimage\"},\"thumbnailUrl\":\"https:\/\/www.istarskiprsut.com\/wp-content\/uploads\/2023\/02\/panceta-vakum.jpg\",\"datePublished\":\"2023-02-07T15:43:11+00:00\",\"dateModified\":\"2025-06-19T15:12:54+00:00\",\"description\":\"Prodotti di Prosciutteria e stanzia Bursic di Dignano, in Istria, Croazia.\",\"breadcrumb\":{\"@id\":\"https:\/\/www.istarskiprsut.com\/it\/proizvod\/pancetta-istriana-affettata\/#breadcrumb\"},\"inLanguage\":\"it-IT\",\"potentialAction\":[{\"@type\":\"ReadAction\",\"target\":[\"https:\/\/www.istarskiprsut.com\/it\/proizvod\/pancetta-istriana-affettata\/\"]}]},{\"@type\":\"ImageObject\",\"inLanguage\":\"it-IT\",\"@id\":\"https:\/\/www.istarskiprsut.com\/it\/proizvod\/pancetta-istriana-affettata\/#primaryimage\",\"url\":\"https:\/\/www.istarskiprsut.com\/wp-content\/uploads\/2023\/02\/panceta-vakum.jpg\",\"contentUrl\":\"https:\/\/www.istarskiprsut.com\/wp-content\/uploads\/2023\/02\/panceta-vakum.jpg\",\"width\":750,\"height\":500},{\"@type\":\"BreadcrumbList\",\"@id\":\"https:\/\/www.istarskiprsut.com\/it\/proizvod\/pancetta-istriana-affettata\/#breadcrumb\",\"itemListElement\":[{\"@type\":\"ListItem\",\"position\":1,\"name\":\"Po\u010detna stranica\",\"item\":\"https:\/\/www.istarskiprsut.com\/it\/home\/\"},{\"@type\":\"ListItem\",\"position\":2,\"name\":\"Nostre delizie istriane\",\"item\":\"https:\/\/www.istarskiprsut.com\/it\/negozio-online-delizie-istriane\/\"},{\"@type\":\"ListItem\",\"position\":3,\"name\":\"Pancetta istriana (affettata)\"}]},{\"@type\":\"WebSite\",\"@id\":\"https:\/\/www.istarskiprsut.com\/it\/#website\",\"url\":\"https:\/\/www.istarskiprsut.com\/it\/\",\"name\":\"La Prosciutteria e Stanzia Bursic\",\"description\":\"Istarski pr\u0161ut, maslinovo ulje i delikatese\",\"publisher\":{\"@id\":\"https:\/\/www.istarskiprsut.com\/it\/#organization\"},\"potentialAction\":[{\"@type\":\"SearchAction\",\"target\":{\"@type\":\"EntryPoint\",\"urlTemplate\":\"https:\/\/www.istarskiprsut.com\/it\/?s={search_term_string}\"},\"query-input\":{\"@type\":\"PropertyValueSpecification\",\"valueRequired\":true,\"valueName\":\"search_term_string\"}}],\"inLanguage\":\"it-IT\"},{\"@type\":\"Organization\",\"@id\":\"https:\/\/www.istarskiprsut.com\/it\/#organization\",\"name\":\"La Prosciutteria e Stanzia Bursic\",\"url\":\"https:\/\/www.istarskiprsut.com\/it\/\",\"logo\":{\"@type\":\"ImageObject\",\"inLanguage\":\"it-IT\",\"@id\":\"https:\/\/www.istarskiprsut.com\/it\/#\/schema\/logo\/image\/\",\"url\":\"https:\/\/www.istarskiprsut.com\/wp-content\/uploads\/2023\/01\/web_favicon_bursic.png\",\"contentUrl\":\"https:\/\/www.istarskiprsut.com\/wp-content\/uploads\/2023\/01\/web_favicon_bursic.png\",\"width\":150,\"height\":145,\"caption\":\"La Prosciutteria e Stanzia Bursic\"},\"image\":{\"@id\":\"https:\/\/www.istarskiprsut.com\/it\/#\/schema\/logo\/image\/\"},\"sameAs\":[\"https:\/\/www.facebook.com\/pages\/category\/Restaurant\/Stancija-Buri-Prutarna-Kod-Milana-100750633615571\/\",\"https:\/\/www.instagram.com\/explore\/locations\/1028862312\/stancija-bursic-prsutarna-kod-milana\"]}]}<\/script>\n<!-- \/ Yoast SEO plugin. -->","yoast_head_json":{"title":"Pancetta istriana (affettata) - La Prosciutteria e Stanzia Bursic","description":"Prodotti di Prosciutteria e stanzia Bursic di Dignano, in Istria, Croazia.","robots":{"index":"index","follow":"follow","max-snippet":"max-snippet:-1","max-image-preview":"max-image-preview:large","max-video-preview":"max-video-preview:-1"},"canonical":"https:\/\/www.istarskiprsut.com\/it\/proizvod\/pancetta-istriana-affettata\/","og_locale":"it_IT","og_type":"article","og_title":"Pancetta istriana (affettata) - La Prosciutteria e Stanzia Bursic","og_description":"Prodotti di Prosciutteria e stanzia Bursic di Dignano, in Istria, Croazia.","og_url":"https:\/\/www.istarskiprsut.com\/it\/proizvod\/pancetta-istriana-affettata\/","og_site_name":"La Prosciutteria e Stanzia Bursic","article_publisher":"https:\/\/www.facebook.com\/pages\/category\/Restaurant\/Stancija-Buri-Prutarna-Kod-Milana-100750633615571\/","article_modified_time":"2025-06-19T15:12:54+00:00","og_image":[{"width":750,"height":500,"url":"https:\/\/www.istarskiprsut.com\/wp-content\/uploads\/2023\/02\/panceta-vakum.jpg","type":"image\/jpeg"}],"twitter_card":"summary_large_image","schema":{"@context":"https:\/\/schema.org","@graph":[{"@type":"WebPage","@id":"https:\/\/www.istarskiprsut.com\/it\/proizvod\/pancetta-istriana-affettata\/","url":"https:\/\/www.istarskiprsut.com\/it\/proizvod\/pancetta-istriana-affettata\/","name":"Pancetta istriana (affettata) - La Prosciutteria e Stanzia Bursic","isPartOf":{"@id":"https:\/\/www.istarskiprsut.com\/it\/#website"},"primaryImageOfPage":{"@id":"https:\/\/www.istarskiprsut.com\/it\/proizvod\/pancetta-istriana-affettata\/#primaryimage"},"image":{"@id":"https:\/\/www.istarskiprsut.com\/it\/proizvod\/pancetta-istriana-affettata\/#primaryimage"},"thumbnailUrl":"https:\/\/www.istarskiprsut.com\/wp-content\/uploads\/2023\/02\/panceta-vakum.jpg","datePublished":"2023-02-07T15:43:11+00:00","dateModified":"2025-06-19T15:12:54+00:00","description":"Prodotti di Prosciutteria e stanzia Bursic di Dignano, in Istria, Croazia.","breadcrumb":{"@id":"https:\/\/www.istarskiprsut.com\/it\/proizvod\/pancetta-istriana-affettata\/#breadcrumb"},"inLanguage":"it-IT","potentialAction":[{"@type":"ReadAction","target":["https:\/\/www.istarskiprsut.com\/it\/proizvod\/pancetta-istriana-affettata\/"]}]},{"@type":"ImageObject","inLanguage":"it-IT","@id":"https:\/\/www.istarskiprsut.com\/it\/proizvod\/pancetta-istriana-affettata\/#primaryimage","url":"https:\/\/www.istarskiprsut.com\/wp-content\/uploads\/2023\/02\/panceta-vakum.jpg","contentUrl":"https:\/\/www.istarskiprsut.com\/wp-content\/uploads\/2023\/02\/panceta-vakum.jpg","width":750,"height":500},{"@type":"BreadcrumbList","@id":"https:\/\/www.istarskiprsut.com\/it\/proizvod\/pancetta-istriana-affettata\/#breadcrumb","itemListElement":[{"@type":"ListItem","position":1,"name":"Po\u010detna stranica","item":"https:\/\/www.istarskiprsut.com\/it\/home\/"},{"@type":"ListItem","position":2,"name":"Nostre delizie istriane","item":"https:\/\/www.istarskiprsut.com\/it\/negozio-online-delizie-istriane\/"},{"@type":"ListItem","position":3,"name":"Pancetta istriana (affettata)"}]},{"@type":"WebSite","@id":"https:\/\/www.istarskiprsut.com\/it\/#website","url":"https:\/\/www.istarskiprsut.com\/it\/","name":"La Prosciutteria e Stanzia Bursic","description":"Istarski pr\u0161ut, maslinovo ulje i delikatese","publisher":{"@id":"https:\/\/www.istarskiprsut.com\/it\/#organization"},"potentialAction":[{"@type":"SearchAction","target":{"@type":"EntryPoint","urlTemplate":"https:\/\/www.istarskiprsut.com\/it\/?s={search_term_string}"},"query-input":{"@type":"PropertyValueSpecification","valueRequired":true,"valueName":"search_term_string"}}],"inLanguage":"it-IT"},{"@type":"Organization","@id":"https:\/\/www.istarskiprsut.com\/it\/#organization","name":"La Prosciutteria e Stanzia Bursic","url":"https:\/\/www.istarskiprsut.com\/it\/","logo":{"@type":"ImageObject","inLanguage":"it-IT","@id":"https:\/\/www.istarskiprsut.com\/it\/#\/schema\/logo\/image\/","url":"https:\/\/www.istarskiprsut.com\/wp-content\/uploads\/2023\/01\/web_favicon_bursic.png","contentUrl":"https:\/\/www.istarskiprsut.com\/wp-content\/uploads\/2023\/01\/web_favicon_bursic.png","width":150,"height":145,"caption":"La Prosciutteria e Stanzia Bursic"},"image":{"@id":"https:\/\/www.istarskiprsut.com\/it\/#\/schema\/logo\/image\/"},"sameAs":["https:\/\/www.facebook.com\/pages\/category\/Restaurant\/Stancija-Buri-Prutarna-Kod-Milana-100750633615571\/","https:\/\/www.instagram.com\/explore\/locations\/1028862312\/stancija-bursic-prsutarna-kod-milana"]}]}},"_links":{"self":[{"href":"https:\/\/www.istarskiprsut.com\/it\/wp-json\/wp\/v2\/product\/2127","targetHints":{"allow":["GET"]}}],"collection":[{"href":"https:\/\/www.istarskiprsut.com\/it\/wp-json\/wp\/v2\/product"}],"about":[{"href":"https:\/\/www.istarskiprsut.com\/it\/wp-json\/wp\/v2\/types\/product"}],"wp:featuredmedia":[{"embeddable":true,"href":"https:\/\/www.istarskiprsut.com\/it\/wp-json\/wp\/v2\/media\/2059"}],"wp:attachment":[{"href":"https:\/\/www.istarskiprsut.com\/it\/wp-json\/wp\/v2\/media?parent=2127"}],"wp:term":[{"taxonomy":"product_brand","embeddable":true,"href":"https:\/\/www.istarskiprsut.com\/it\/wp-json\/wp\/v2\/product_brand?post=2127"},{"taxonomy":"product_cat","embeddable":true,"href":"https:\/\/www.istarskiprsut.com\/it\/wp-json\/wp\/v2\/product_cat?post=2127"},{"taxonomy":"product_tag","embeddable":true,"href":"https:\/\/www.istarskiprsut.com\/it\/wp-json\/wp\/v2\/product_tag?post=2127"}],"curies":[{"name":"wp","href":"https:\/\/api.w.org\/{rel}","templated":true}]}}